{"id":1404,"date":"2019-12-08T18:08:18","date_gmt":"2019-12-08T18:08:18","guid":{"rendered":"https:\/\/www.pixelconseil.fr\/index.php\/home\/"},"modified":"2019-12-08T18:08:18","modified_gmt":"2019-12-08T18:08:18","slug":"home","status":"publish","type":"page","link":"https:\/\/www.pixelconseil.fr\/","title":{"rendered":"Home"},"content":{"rendered":"<div id=\"cs-content\" class=\"cs-content\"><\/div>\n","protected":false},"excerpt":{"rendered":"<p>Recent Works Show off your creative work in a fun, flat, and fashionable manner with the Renew Stack.Drum8 d\u00e9cembre 201951:108 d\u00e9cembre 2019Glasses8 d\u00e9cembre 2019See PortfolioLearn More It\u2019s incredibly easy to customize your site with X and the Renew Stack. Check out the options!Shortcodes fast and flexibleForums let\u2019s have a chatPages build anythingShop sell your productLearn More It\u2019s incredibly easy to &#8230; <a href=\"https:\/\/www.pixelconseil.fr\/index.php\/portfolio-item\/glasses\/\" class=\"more-link\">Read More<\/a><\/p>\n","protected":false},"author":1,"featured_media":0,"parent":0,"menu_order":0,"comment_status":"closed","ping_status":"closed","template":"template-blank-4.php","meta":{"rs_blank_template":"","rs_page_bg_color":"","slide_template_v7":"","footnotes":""},"class_list":["post-1404","page","type-page","status-publish","hentry","x-portfolio-d8eb87629476878cb0ec2349ae109cde","no-post-thumbnail"],"_links":{"self":[{"href":"https:\/\/www.pixelconseil.fr\/index.php\/wp-json\/wp\/v2\/pages\/1404","targetHints":{"allow":["GET"]}}],"collection":[{"href":"https:\/\/www.pixelconseil.fr\/index.php\/wp-json\/wp\/v2\/pages"}],"about":[{"href":"https:\/\/www.pixelconseil.fr\/index.php\/wp-json\/wp\/v2\/types\/page"}],"author":[{"embeddable":true,"href":"https:\/\/www.pixelconseil.fr\/index.php\/wp-json\/wp\/v2\/users\/1"}],"replies":[{"embeddable":true,"href":"https:\/\/www.pixelconseil.fr\/index.php\/wp-json\/wp\/v2\/comments?post=1404"}],"version-history":[{"count":0,"href":"https:\/\/www.pixelconseil.fr\/index.php\/wp-json\/wp\/v2\/pages\/1404\/revisions"}],"wp:attachment":[{"href":"https:\/\/www.pixelconseil.fr\/index.php\/wp-json\/wp\/v2\/media?parent=1404"}],"curies":[{"name":"wp","href":"https:\/\/api.w.org\/{rel}","templated":true}]}}